{"id":1007,"date":"2020-07-31T11:11:05","date_gmt":"2020-07-31T11:11:05","guid":{"rendered":"https:\/\/demo.creativethemes.com\/brizy\/travel\/?page_id=1007"},"modified":"2021-09-30T13:39:23","modified_gmt":"2021-09-30T16:39:23","slug":"contact","status":"publish","type":"page","link":"http:\/\/www.ortopasso.com\/2021\/contact\/","title":{"rendered":"Contact"},"content":{"rendered":"<div class=\"brz-root__container brz-reset-all\">\n<section data-uid=\"auxhunpucbuidvrmpsfddmrphspxzpguttbe\" id=\"auxhunpucbuidvrmpsfddmrphspxzpguttbe\" class=\"brz-section brz-css-zsjqt brz-css-hmmhj\">\n<div class=\"brz-section__content brz-section--boxed brz-css-uqxyi brz-css-wfmrf\" data-custom-id=\"vchttbxnypeyailyxhpjcyupocvfphdrilvw\">\n<div class=\"brz-bg\">\n<div class=\"brz-bg-image brz-bg-image-parallax\"><\/div>\n<\/div>\n<div class=\"brz-container brz-css-tmlcy brz-css-zhidt\"><\/div>\n<\/div>\n<\/section>\n<section data-uid=\"siehmofalktufjcfjxgfkpttgkojwufqmsjd\" id=\"siehmofalktufjcfjxgfkpttgkojwufqmsjd\" class=\"brz-section brz-css-zsjqt\">\n<div class=\"brz-section__content brz-section--boxed brz-css-uqxyi brz-css-hhzls\" data-custom-id=\"vzpzbeuscfpnqhkpqchgpoauwjqdcosvknbk\">\n<div class=\"brz-container brz-css-tmlcy\">\n<div class=\"brz-row__container brz-css-gsdhn\" data-custom-id=\"rtyhxwpufvhhzwfvetqsokmwaeustjrhyuge\">\n<div class=\"brz-row brz-css-oommz brz-css-lnhkx\">\n<div class=\"brz-columns brz-css-qhcrc brz-css-tzwar\" data-custom-id=\"nkvntmkcvysxiwkofoavmkybkdtpwzlpgcad\">\n<div class=\"brz-column__items brz-css-xcqxp brz-css-gqgcv\">\n<div class=\"brz-wrapper-clone brz-css-arrwu\">\n<div class=\"brz-d-xs-flex brz-flex-xs-wrap brz-css-nedxg\">\n<div class=\"brz-wrapper-clone__item brz-css-bkbvt\" id=\"pxipgdveavfmjqmwivsajsscaomkmigqubnn\">\n<div class=\"brz-icon__container\" data-custom-id=\"pxipgdveavfmjqmwivsajsscaomkmigqubnn\"><span class=\"brz-span brz-icon css-1ntf5r8\"><\/span><\/div>\n<\/div>\n<\/div>\n<\/div>\n<div class=\"brz-css-zqhlx brz-wrapper\">\n<div class=\"brz-rich-text brz-css-mfdut\" data-custom-id=\"vbvdkmbztkwqpyczbthuopahipktetbqkoze\">\n<div>\n<p class=\"brz-css-mfkez\"><strong class=\"brz-cp-color2\">Endere\u00e7o<\/strong><\/p>\n<\/div>\n<\/div>\n<\/div>\n<div class=\"brz-css-zqhlx brz-wrapper\">\n<div class=\"brz-rich-text brz-css-mfdut\" data-custom-id=\"rchyjnqjkndbjlhzalsubfggcketkzozmxee\">\n<div>\n<p class=\"brz-css-ngzej\"><span>Av. Dr. Arthur Cordeiro, 655<\/span><\/p>\n<p class=\"brz-css-kqhok\"><span>Birigui &#8211; SP &#8211; 16201-003<\/span><\/p>\n<\/div>\n<\/div>\n<\/div>\n<\/div>\n<\/div>\n<div class=\"brz-columns brz-css-qhcrc brz-css-oliys\" data-custom-id=\"vrecbltaktubtxbqojdibwffzziictsczqsv\">\n<div class=\"brz-column__items brz-css-xcqxp brz-css-wtvvy\">\n<div class=\"brz-wrapper-clone brz-css-arrwu\">\n<div class=\"brz-d-xs-flex brz-flex-xs-wrap brz-css-nedxg\">\n<div class=\"brz-wrapper-clone__item brz-css-bkbvt\" id=\"bibkoslbrryybsfmildxflgypykjdilyjuah\">\n<div class=\"brz-icon__container\" data-custom-id=\"bibkoslbrryybsfmildxflgypykjdilyjuah\"><span class=\"brz-span brz-icon css-lbkpwh\"><\/span><\/div>\n<\/div>\n<\/div>\n<\/div>\n<div class=\"brz-css-zqhlx brz-wrapper\">\n<div class=\"brz-rich-text brz-css-mfdut\" data-custom-id=\"uswywvzkvpwhmxjzbmleoesgaxjmvtulatrg\">\n<div>\n<p class=\"brz-css-gzpoz\"><strong class=\"brz-cp-color2\">Hor\u00e1rios<\/strong><\/p>\n<\/div>\n<\/div>\n<\/div>\n<div class=\"brz-css-zqhlx brz-wrapper\">\n<div class=\"brz-rich-text brz-css-mfdut\" data-custom-id=\"sbejoleyofugswlluretijfopvhtefsujdgs\">\n<div>\n<p class=\"brz-css-zafyp\"><span class=\"brz-cp-color7\">De segunda \u00e0 sexta-feira<\/span><\/p>\n<p class=\"brz-css-qirhr\"><span class=\"brz-cp-color7\">7:15hs \u00e0s 17:10hs<\/span><\/p>\n<\/div>\n<\/div>\n<\/div>\n<\/div>\n<\/div>\n<div class=\"brz-columns brz-css-qhcrc brz-css-xeytm\" data-custom-id=\"zwrbpmeivpnzipquvnjimzzyarvkfftjkyht\">\n<div class=\"brz-column__items brz-css-xcqxp brz-css-dmuto\">\n<div class=\"brz-wrapper-clone brz-css-arrwu\">\n<div class=\"brz-d-xs-flex brz-flex-xs-wrap brz-css-nedxg\">\n<div class=\"brz-wrapper-clone__item brz-css-bkbvt\" id=\"jibobdretuerpverhdpnfpreswnxymuychpl\">\n<div class=\"brz-icon__container\" data-custom-id=\"jibobdretuerpverhdpnfpreswnxymuychpl\"><span class=\"brz-span brz-icon css-lq17x2\"><\/span><\/div>\n<\/div>\n<\/div>\n<\/div>\n<div class=\"brz-css-zqhlx brz-wrapper\">\n<div class=\"brz-rich-text brz-css-mfdut\" data-custom-id=\"fcvjtpecxfskdaaprfhnxbohfrefbyczdfoc\">\n<div>\n<p class=\"brz-css-dlcsf\"><strong class=\"brz-cp-color2\">Email\ufeff<\/strong><\/p>\n<\/div>\n<\/div>\n<\/div>\n<div class=\"brz-css-zqhlx brz-css-hvujz brz-wrapper\">\n<div class=\"brz-rich-text brz-css-mfdut\" data-custom-id=\"hogiuapznjttdvpwazmlithtriqjmllvtqfa\">\n<div>\n<p class=\"brz-css-znxah\"><a href=\"mailto:atendimento@ortopasso.com.br\" class=\"link--external brz-cp-color7\" data-brz-link-type=\"external\">atendimento@ortopasso.com.br<\/a><\/p>\n<\/div>\n<\/div>\n<\/div>\n<div class=\"brz-css-zqhlx brz-css-gwcqn brz-wrapper\">\n<div class=\"brz-rich-text brz-css-mfdut\" data-custom-id=\"cpqarpsdjooqhrprtcfdugavkevkbnosgbue\">\n<div>\n<p class=\"brz-css-tvojd\"><a href=\"mailto:vendas@ortopasso.com.br\" class=\"link--external brz-cp-color7\" data-brz-link-type=\"external\">vendas@ortopasso.com.br<\/a><\/p>\n<\/div>\n<\/div>\n<\/div>\n<div class=\"brz-css-zqhlx brz-css-fzbhd brz-wrapper\">\n<div class=\"brz-rich-text brz-css-mfdut\" data-custom-id=\"eckrsefjiefxleczdfrwxoefbmbotminninr\">\n<div>\n<p class=\"brz-css-cbqzs\"><a href=\"mailto:sac@ortopasso.com.br\" class=\"link--external brz-cp-color7\" data-brz-link-type=\"external\">sac@ortopasso.com.br<\/a><\/p>\n<\/div>\n<\/div>\n<\/div>\n<\/div>\n<\/div>\n<div class=\"brz-columns brz-css-qhcrc brz-css-zysuu\" data-custom-id=\"pcbdqztxxyabwwxjmxhhocgsgjejevxnyjhz\">\n<div class=\"brz-column__items brz-css-xcqxp brz-css-eqsdc\">\n<div class=\"brz-wrapper-clone brz-css-arrwu\">\n<div class=\"brz-d-xs-flex brz-flex-xs-wrap brz-css-nedxg\">\n<div class=\"brz-wrapper-clone__item brz-css-bkbvt\" id=\"kakmhoelhvfkmqfmldowswkpdjwixolsahvd\">\n<div class=\"brz-icon__container\" data-custom-id=\"kakmhoelhvfkmqfmldowswkpdjwixolsahvd\"><span class=\"brz-span brz-icon css-1c3ff4i\"><\/span><\/div>\n<\/div>\n<\/div>\n<\/div>\n<div class=\"brz-css-zqhlx brz-wrapper\">\n<div class=\"brz-rich-text brz-css-mfdut\" data-custom-id=\"xiafcqwyjtpnqzlpfbmlrtlqlhnysjtdebko\">\n<div>\n<p class=\"brz-css-leoxg\"><strong class=\"brz-cp-color2\">Telefone<\/strong><\/p>\n<\/div>\n<\/div>\n<\/div>\n<div class=\"brz-css-zqhlx brz-wrapper\">\n<div class=\"brz-rich-text brz-css-mfdut\" data-custom-id=\"gtbrnmowanfhdoqnhcozknvlyeijkupsbjmi\">\n<div>\n<p class=\"brz-css-codco\"><a href=\"tel:+551836343233\" class=\"link--external brz-cp-color7\" data-brz-link-type=\"external\">+55 (18) 3634-3233 <\/a><\/p>\n<p class=\"brz-css-sodta\"><a href=\"tel:+551836343337\" class=\"link--external brz-cp-color7\" data-brz-link-type=\"external\">+55 (18) 3634-3337 <\/a><span class=\"brz-cp-color7\"> <\/span><\/p>\n<\/div>\n<\/div>\n<\/div>\n<\/div>\n<\/div>\n<\/div>\n<\/div>\n<div class=\"brz-css-zqhlx brz-css-wcgat brz-css-zhqwk brz-wrapper\">\n<div class=\"brz-spacer brz-css-lrngu brz-css-auktl\"><\/div>\n<\/div>\n<div class=\"brz-row__container brz-css-gsdhn\" data-custom-id=\"rkqlenlucivrlqxbavjcvshszxzsykpvqxmh\">\n<div class=\"brz-row brz-css-oommz brz-css-lnhkx\">\n<div class=\"brz-columns brz-css-qhcrc\" data-custom-id=\"zhpojabbtaiqyqgbegtfzmjozwlhwlaulgkh\">\n<div class=\"brz-column__items brz-css-xcqxp\">\n<div class=\"brz-css-zqhlx brz-wrapper\">\n<div class=\"brz-map brz-css-ikfgi\" data-custom-id=\"ereutnubbbtxudyqvineslksyhupueijgjdt\">\n<div class=\"brz-map-content\"><\/div>\n<\/div>\n<\/div>\n<\/div>\n<\/div>\n<div class=\"brz-columns brz-css-qhcrc\" data-custom-id=\"ujuqzyairgcrgwndbyyrmjnwbuucfcipidnv\">\n<div class=\"brz-column__items brz-css-xcqxp brz-css-ckuul\">\n<div class=\"brz-css-zqhlx brz-wrapper\">\n<div class=\"brz-rich-text brz-css-mfdut\" data-custom-id=\"iltxvlwnygaioeiqlpmyvfgzristsihdduve\">\n<div>\n<p class=\"brz-css-sitwa\"><strong>Adorar\u00edamos te ouvir!<\/strong><\/p>\n<\/div>\n<\/div>\n<\/div>\n<div class=\"brz-css-zqhlx brz-wrapper\">\n<div data-form-version=\"2\" class=\"brz-forms2 brz-css-wzohs brz-css-bcjjn\" data-custom-id=\"hvmiqfcwntefrfilcbuhauxpjkyxpbbkqvzp\">\n<div class=\"brz-forms2__item brz-css-jycus brz-css-fuibv brz-css-rzpbn\"><label class=\"brz-label brz-forms2__field-label\" for=\"kshwtojcjtvyebgjesyzikqbelzomdylsuov\">Nome: *<\/label><\/div>\n<div class=\"brz-forms2__item brz-css-jycus brz-css-fuibv brz-css-rzpbn\"><label class=\"brz-label brz-forms2__field-label\" for=\"tqpgeoywumcxutmsmwfdyhhknmjbhdnpjzlr\">Email: *<\/label><\/div>\n<div class=\"brz-forms2__item brz-css-jycus brz-css-fuibv brz-css-rzpbn\"><label class=\"brz-label brz-forms2__field-label\" for=\"tpaxfksmtrriakvytrxnhiinrdkdbqwhnxna\">Assunto:<\/label><\/div>\n<div class=\"brz-forms2__item brz-css-jycus brz-css-fuibv brz-css-rzpbn brz-css-uylji\"><label class=\"brz-label brz-forms2__field-label\" for=\"yqfnjyvpjwtqaghzeufguqfjzbgjllidyyuv\">Descri\u00e7\u00e3o:<\/label><textarea id=\"wftzfbqbstwhhfuefpnenuwhzaznwnrvftcx\" name=\"yqfnjyvpjwtqaghzeufguqfjzbgjllidyyuv\" data-type=\"Paragraph\" data-label=\"Descri\u00e7\u00e3o:\" data-placeholder class=\"brz-textarea brz-forms2__field brz-forms2__field-paragraph brz-p-events--none\"><\/textarea><\/div>\n<div class=\"brz-forms2 brz-forms2__item brz-forms2__item-button\"><button class=\"brz-btn brz-btn-submit brz-css-cbreo brz-css-rezpw\" data-custom-id=\"juwjvzdanbnhtwqwlvkxytqmanukklmwtybd\"><span class=\"brz-span brz-text__editor\">Enviar Mensagem<\/span><\/button><\/div>\n<\/div>\n<\/div>\n<\/div>\n<\/div>\n<\/div>\n<\/div>\n<\/div>\n<\/div>\n<\/section>\n<\/div>\n<p><!-- version:1633019963 --><\/p>\n","protected":false},"excerpt":{"rendered":"<p>Endere\u00e7o Av. Dr. Arthur Cordeiro, 655 Birigui &#8211; SP &#8211; 16201-003 Hor\u00e1rios De segunda \u00e0 sexta-feira 7:15hs \u00e0s 17:10hs Email\ufeff atendimento@ortopasso.com.br vendas@ortopasso.com.br sac@ortopasso.com.br Telefone +55 (18) 3634-3233 +55 (18) 3634-3337 Adorar\u00edamos te ouvir! Nome: * Email: * Assunto: Descri\u00e7\u00e3o: Enviar Mensagem<\/p>\n","protected":false},"author":1,"featured_media":0,"parent":0,"menu_order":0,"comment_status":"closed","ping_status":"closed","template":"","meta":{"novablocks_hero_scroll_indicator":false,"novablocks_hero_position_indicators":false,"footnotes":""},"class_list":["post-1007","page","type-page","status-publish","hentry"],"blocksy_meta":{"page_title_panel":"","has_hero_section":"disabled","1771f12a820a07ed45e65773790cd9db":"","hero_section":"type-1","hero_elements":[{"id":"custom_title","enabled":true,"heading_tag":"h1","title":"Home"},{"id":"custom_description","enabled":true,"description_visibility":{"desktop":true,"tablet":true,"mobile":false}},{"id":"custom_meta","enabled":false,"meta_elements":[{"id":"author","enabled":true,"label":"By","has_author_avatar":"yes","avatar_size":25},{"id":"post_date","enabled":true,"label":"On","date_format_source":"default","date_format":"M j, Y"},{"id":"comments","enabled":true}],"page_meta_elements":{"joined":true,"articles_count":true,"comments":true}},{"id":"breadcrumbs","enabled":false}],"de81297c00dc7bee5ebf64e3358a4218":"","hero_alignment1":"left","hero_alignment2":"center","hero_vertical_alignment":"center","46f42044daea03805e0810330a181a6f":"","hero_structure":"narrow","6c94e4c00286a5cf6ccfd11aae68e8fe":"","page_title_bg_type":"featured_image","custom_hero_background":{"attachment_id":null},"parallax":{"desktop":false,"tablet":false,"mobile":false},"52b07a49ab75f827710c523d282b5c94":"","hero_height":"230px","pageTitleFont":{"family":"Default","variation":"Default","size":{"desktop":"32px","tablet":"30px","mobile":"25px"},"line-height":"1.3","letter-spacing":"CT_CSS_SKIP_RULE","text-transform":"CT_CSS_SKIP_RULE","text-decoration":"CT_CSS_SKIP_RULE"},"pageTitleFontColor":{"default":{"color":"CT_CSS_SKIP_RULEDEFAULT"}},"pageMetaFont":{"family":"Default","variation":"n6","size":{"desktop":"12px","tablet":"12px","mobile":"12px"},"line-height":"1.3","letter-spacing":"CT_CSS_SKIP_RULE","text-transform":"uppercase","text-decoration":"CT_CSS_SKIP_RULE"},"pageMetaFontColor":{"default":{"color":"CT_CSS_SKIP_RULEDEFAULT"},"hover":{"color":"CT_CSS_SKIP_RULEDEFAULT"}},"pageExcerptFont":{"family":"Default","variation":"n5","size":"CT_CSS_SKIP_RULE","line-height":"CT_CSS_SKIP_RULE","letter-spacing":"CT_CSS_SKIP_RULE","text-transform":"CT_CSS_SKIP_RULE","text-decoration":"CT_CSS_SKIP_RULE"},"pageExcerptColor":{"default":{"color":"CT_CSS_SKIP_RULEDEFAULT"}},"breadcrumbsFont":{"family":"Default","variation":"n6","size":"12px","line-height":"CT_CSS_SKIP_RULE","letter-spacing":"CT_CSS_SKIP_RULE","text-transform":"uppercase","text-decoration":"CT_CSS_SKIP_RULE"},"breadcrumbsFontColor":{"default":{"color":"CT_CSS_SKIP_RULEDEFAULT"},"initial":{"color":"CT_CSS_SKIP_RULEDEFAULT"},"hover":{"color":"CT_CSS_SKIP_RULEDEFAULT"}},"pageTitleOverlay":{"default":{"color":"rgba(41, 51, 60, 0.2)"}},"pageTitleBackground":{"background_type":"color","background_pattern":"type-1","background_image":{"attachment_id":null,"x":0,"y":0},"background_repeat":"no-repeat","background_size":"auto","background_attachment":"scroll","patternColor":{"default":{"color":"#e5e7ea"}},"backgroundColor":{"default":{"color":"#EDEFF2"}}},"aae1148d0265aeabb5736ae52b8d1209":"","page_structure_type":"default","content_style":"inherit","vertical_spacing_source":"custom","content_area_spacing":"none","background":{"background_type":"color","background_pattern":"type-1","background_image":{"attachment_id":null,"x":0,"y":0},"background_repeat":"no-repeat","background_size":"auto","background_attachment":"scroll","patternColor":{"default":{"color":"#e5e7ea"}},"backgroundColor":{"default":{"color":"CT_CSS_SKIP_RULE"}}},"content_background":{"background_type":"color","background_pattern":"type-1","background_image":{"attachment_id":null,"x":0,"y":0},"background_repeat":"no-repeat","background_size":"auto","background_attachment":"scroll","patternColor":{"default":{"color":"#e5e7ea"}},"backgroundColor":{"default":{"color":"#ffffff"}}},"content_boxed_spacing":{"desktop":"40px","tablet":"35px","mobile":"20px"},"content_boxed_radius":{"top":"3px","bottom":"3px","left":"3px","right":"3px","linked":true},"content_boxed_shadow":{"blur":18,"spread":-6,"v_offset":12,"h_offset":0,"inset":false,"enable":true,"color":{"color":"rgba(34, 56, 101, 0.04)"}},"7383365ec97a2fd6c77b8e6a1b0a8051":"","disable_featured_image":"no","disable_header":"no","disable_footer":"no","styles_descriptor":{"styles":{"desktop":"","tablet":"","mobile":""},"google_fonts":[]}},"_links":{"self":[{"href":"http:\/\/www.ortopasso.com\/2021\/wp-json\/wp\/v2\/pages\/1007","targetHints":{"allow":["GET"]}}],"collection":[{"href":"http:\/\/www.ortopasso.com\/2021\/wp-json\/wp\/v2\/pages"}],"about":[{"href":"http:\/\/www.ortopasso.com\/2021\/wp-json\/wp\/v2\/types\/page"}],"author":[{"embeddable":true,"href":"http:\/\/www.ortopasso.com\/2021\/wp-json\/wp\/v2\/users\/1"}],"replies":[{"embeddable":true,"href":"http:\/\/www.ortopasso.com\/2021\/wp-json\/wp\/v2\/comments?post=1007"}],"version-history":[{"count":15,"href":"http:\/\/www.ortopasso.com\/2021\/wp-json\/wp\/v2\/pages\/1007\/revisions"}],"predecessor-version":[{"id":1587,"href":"http:\/\/www.ortopasso.com\/2021\/wp-json\/wp\/v2\/pages\/1007\/revisions\/1587"}],"wp:attachment":[{"href":"http:\/\/www.ortopasso.com\/2021\/wp-json\/wp\/v2\/media?parent=1007"}],"curies":[{"name":"wp","href":"https:\/\/api.w.org\/{rel}","templated":true}]}}